{"id":778,"date":"2024-11-18T05:49:13","date_gmt":"2024-11-18T08:49:13","guid":{"rendered":"https:\/\/www.archetti.com.br\/pt-BR\/?page_id=778"},"modified":"2025-03-13T22:39:29","modified_gmt":"2025-03-14T01:39:29","slug":"simone-cristine-archetti-pucci","status":"publish","type":"page","link":"https:\/\/www.archetti.com.br\/pt-BR\/simone-cristine-archetti-pucci\/","title":{"rendered":"Simone Cristine Archetti Pucci"},"content":{"rendered":"\t\t<div data-elementor-type=\"wp-page\" data-elementor-id=\"778\" class=\"elementor elementor-778\">\n\t\t\t\t<div class=\"elementor-element elementor-element-7760a27 e-con-full e-flex e-con e-parent\" data-id=\"7760a27\" data-element_type=\"container\" data-e-type=\"container\">\n\t\t<div class=\"elementor-element elementor-element-6660b76 e-con-full e-flex e-con e-child\" data-id=\"6660b76\" data-element_type=\"container\" data-e-type=\"container\">\n\t\t\t\t<div class=\"elementor-element elementor-element-10b537a elementor-widget elementor-widget-heading\" data-id=\"10b537a\" data-element_type=\"widget\" data-e-type=\"widget\" data-widget_type=\"heading.default\">\n\t\t\t\t<div class=\"elementor-widget-container\">\n\t\t\t\t\t<h3 class=\"elementor-heading-title elementor-size-default\">Simone Cristine Archetti Pucci<\/h3>\t\t\t\t<\/div>\n\t\t\t\t<\/div>\n\t\t<div class=\"elementor-element elementor-element-edabdd5 e-flex e-con-boxed e-con e-child\" data-id=\"edabdd5\" data-element_type=\"container\" data-e-type=\"container\">\n\t\t\t\t\t<div class=\"e-con-inner\">\n\t\t\t\t<div class=\"elementor-element elementor-element-2a074b3 elementor-widget__width-initial elementor-widget elementor-widget-image-box\" data-id=\"2a074b3\" data-element_type=\"widget\" data-e-type=\"widget\" data-widget_type=\"image-box.default\">\n\t\t\t\t<div class=\"elementor-widget-container\">\n\t\t\t\t\t<div class=\"elementor-image-box-wrapper\"><div class=\"elementor-image-box-content\"><p class=\"elementor-image-box-description\">Casada h\u00e1 11 anos, m\u00e3e de duas pets muito fofinhas, somo minha vida com o meu amor, Nalior, que \u00e9 minha inspira\u00e7\u00e3o e o melhor companheiro que poderia escolher para a minha caminhada.<br><br>\n\nDentre as minhas paix\u00f5es, minha fam\u00edlia, meu bem maior, meu suporte, minha vida, h\u00e1 a corrida, que limpa a minha mente, e me ajuda a recuperar o equil\u00edbrio. Amo viajar! Costumo falar para os meus pacientes que \u201ctrabalho s\u00f3 para poder viajar\u201d, mas \u00e9 claro que vai muito, mas muito mais al\u00e9m disso!!!<br><br>\n\nO caf\u00e9, meu ritual matutino insubstitu\u00edvel, para come\u00e7ar o dia com toda a energia necess\u00e1ria para fazer uma das coisas que mais amo, que \u00e9 a odontologia.<br><br>\n\nFormada h\u00e1 21 anos, em Curitiba, Especialista em Pr\u00f3tese Dent\u00e1ria, trabalho com est\u00e9tica avan\u00e7ada h\u00e1 14 anos, fa\u00e7o parte do corpo cl\u00ednico da Archetti Odontologia h\u00e1 17 anos.<br><br>\n\nAo finalizar um trabalho, ao ver nos olhos de cada paciente, a alma sorrindo, as l\u00e1grimas de emo\u00e7\u00e3o rolando quando se olha no espelho pela primeira vez, e se depara com a liberdade de sorrir de forma aut\u00eantica e despretensiosa, meu cora\u00e7\u00e3o explode de alegria, e vejo a\u00ed o sentido pelo qual eu acordo todos os dias.<br><br><br><br><br><br><br><br><br><br><br><\/p><\/div><\/div>\t\t\t\t<\/div>\n\t\t\t\t<\/div>\n\t\t\t\t\t<\/div>\n\t\t\t\t<\/div>\n\t\t\t\t<\/div>\n\t\t<div class=\"elementor-element elementor-element-0edb7e3 e-con-full e-flex e-con e-child\" data-id=\"0edb7e3\" data-element_type=\"container\" data-e-type=\"container\">\n\t\t\t\t<div class=\"elementor-element elementor-element-798d050 elementor-widget elementor-widget-image\" data-id=\"798d050\" data-element_type=\"widget\" data-e-type=\"widget\" data-widget_type=\"image.default\">\n\t\t\t\t<div class=\"elementor-widget-container\">\n\t\t\t\t\t\t\t\t\t\t\t\t\t\t\t<img fetchpriority=\"high\" decoding=\"async\" width=\"1200\" height=\"1800\" src=\"https:\/\/www.archetti.com.br\/pt-BR\/wp-content\/uploads\/2024\/11\/Simone-Cristine-Archetti-Pucci.jpg\" class=\"attachment-full size-full wp-image-786\" alt=\"\" srcset=\"https:\/\/www.archetti.com.br\/pt-BR\/wp-content\/uploads\/2024\/11\/Simone-Cristine-Archetti-Pucci.jpg 1200w, https:\/\/www.archetti.com.br\/pt-BR\/wp-content\/uploads\/2024\/11\/Simone-Cristine-Archetti-Pucci-333x500.jpg 333w, https:\/\/www.archetti.com.br\/pt-BR\/wp-content\/uploads\/2024\/11\/Simone-Cristine-Archetti-Pucci-800x1200.jpg 800w, https:\/\/www.archetti.com.br\/pt-BR\/wp-content\/uploads\/2024\/11\/Simone-Cristine-Archetti-Pucci-200x300.jpg 200w, https:\/\/www.archetti.com.br\/pt-BR\/wp-content\/uploads\/2024\/11\/Simone-Cristine-Archetti-Pucci-768x1152.jpg 768w, https:\/\/www.archetti.com.br\/pt-BR\/wp-content\/uploads\/2024\/11\/Simone-Cristine-Archetti-Pucci-1024x1536.jpg 1024w, https:\/\/www.archetti.com.br\/pt-BR\/wp-content\/uploads\/2024\/11\/Simone-Cristine-Archetti-Pucci-50x75.jpg 50w, https:\/\/www.archetti.com.br\/pt-BR\/wp-content\/uploads\/2024\/11\/Simone-Cristine-Archetti-Pucci-700x1050.jpg 700w\" sizes=\"(max-width:767px) 700px, (max-width:1200px) 100vw, 1200px\" \/>\t\t\t\t\t\t\t\t\t\t\t\t\t\t\t<\/div>\n\t\t\t\t<\/div>\n\t\t\t\t<\/div>\n\t\t\t\t<\/div>\n\t\t<div class=\"elementor-element elementor-element-db2c0eb e-flex e-con-boxed e-con e-parent\" data-id=\"db2c0eb\" data-element_type=\"container\" data-e-type=\"container\">\n\t\t\t\t\t<div class=\"e-con-inner\">\n\t\t<div class=\"elementor-element elementor-element-99af722 e-con-full e-flex e-con e-child\" data-id=\"99af722\" data-element_type=\"container\" data-e-type=\"container\">\n\t\t\t\t<div class=\"elementor-element elementor-element-0522988 elementor-widget elementor-widget-heading\" data-id=\"0522988\" data-element_type=\"widget\" data-e-type=\"widget\" data-widget_type=\"heading.default\">\n\t\t\t\t<div class=\"elementor-widget-container\">\n\t\t\t\t\t<h2 class=\"elementor-heading-title elementor-size-default\">N\u00c3O ESPERE UMA VIDA! PRIORIZE VOC\u00ca.<span style=\"color: #E23D4D\">D\u00ca O SEU MELHOR SORRISO<\/span><\/h2>\t\t\t\t<\/div>\n\t\t\t\t<\/div>\n\t\t\t\t<div class=\"elementor-element elementor-element-09c8752 elementor-widget elementor-widget-heading\" data-id=\"09c8752\" data-element_type=\"widget\" data-e-type=\"widget\" data-widget_type=\"heading.default\">\n\t\t\t\t<div class=\"elementor-widget-container\">\n\t\t\t\t\t<h5 class=\"elementor-heading-title elementor-size-default\">Nisl habitasse suspendisse pellentesque cursus<\/h5>\t\t\t\t<\/div>\n\t\t\t\t<\/div>\n\t\t\t\t<div class=\"elementor-element elementor-element-b0f0057 elementor-align-left elementor-widget elementor-widget-button\" data-id=\"b0f0057\" data-element_type=\"widget\" data-e-type=\"widget\" data-widget_type=\"button.default\">\n\t\t\t\t<div class=\"elementor-widget-container\">\n\t\t\t\t\t\t\t\t\t<div class=\"elementor-button-wrapper\">\n\t\t\t\t\t<a class=\"elementor-button elementor-button-link elementor-size-sm\" href=\"https:\/\/www.archetti.com.br\/pt-BR\/jornada\/\">\n\t\t\t\t\t\t<span class=\"elementor-button-content-wrapper\">\n\t\t\t\t\t\t\t\t\t<span class=\"elementor-button-text\">JORNADA NOVO SORRISO<\/span>\n\t\t\t\t\t<\/span>\n\t\t\t\t\t<\/a>\n\t\t\t\t<\/div>\n\t\t\t\t\t\t\t\t<\/div>\n\t\t\t\t<\/div>\n\t\t\t\t<\/div>\n\t\t<div class=\"elementor-element elementor-element-7ca82b8 e-con-full e-flex e-con e-child\" data-id=\"7ca82b8\" data-element_type=\"container\" data-e-type=\"container\" data-settings=\"{&quot;background_background&quot;:&quot;classic&quot;}\">\n\t\t\t\t<div class=\"elementor-element elementor-element-f442088 elementor-widget elementor-widget-image\" data-id=\"f442088\" data-element_type=\"widget\" data-e-type=\"widget\" data-widget_type=\"image.default\">\n\t\t\t\t<div class=\"elementor-widget-container\">\n\t\t\t\t\t\t\t\t\t\t\t\t\t\t\t<img decoding=\"async\" width=\"576\" height=\"497\" src=\"https:\/\/www.archetti.com.br\/pt-BR\/wp-content\/uploads\/2025\/03\/mosaico1.png\" class=\"attachment-large size-large wp-image-1997\" alt=\"\" srcset=\"https:\/\/www.archetti.com.br\/pt-BR\/wp-content\/uploads\/2025\/03\/mosaico1.png 576w, https:\/\/www.archetti.com.br\/pt-BR\/wp-content\/uploads\/2025\/03\/mosaico1-500x431.png 500w, https:\/\/www.archetti.com.br\/pt-BR\/wp-content\/uploads\/2025\/03\/mosaico1-300x259.png 300w, https:\/\/www.archetti.com.br\/pt-BR\/wp-content\/uploads\/2025\/03\/mosaico1-87x75.png 87w\" sizes=\"(max-width:767px) 576px, 576px\" \/>\t\t\t\t\t\t\t\t\t\t\t\t\t\t\t<\/div>\n\t\t\t\t<\/div>\n\t\t\t\t<\/div>\n\t\t\t\t\t<\/div>\n\t\t\t\t<\/div>\n\t\t\t\t<\/div>\n\t\t","protected":false},"excerpt":{"rendered":"<p>Simone Cristine Archetti Pucci Casada h\u00e1 11 anos, m\u00e3e de duas pets muito fofinhas, somo minha vida com o meu amor, Nalior, que \u00e9 minha inspira\u00e7\u00e3o<span class=\"excerpt-hellip\"> [\u2026]<\/span><\/p>\n","protected":false},"author":1,"featured_media":0,"parent":0,"menu_order":0,"comment_status":"open","ping_status":"closed","template":"","meta":{"_joinchat":[],"footnotes":""},"class_list":["post-778","page","type-page","status-publish","hentry"],"_links":{"self":[{"href":"https:\/\/www.archetti.com.br\/pt-BR\/wp-json\/wp\/v2\/pages\/778","targetHints":{"allow":["GET"]}}],"collection":[{"href":"https:\/\/www.archetti.com.br\/pt-BR\/wp-json\/wp\/v2\/pages"}],"about":[{"href":"https:\/\/www.archetti.com.br\/pt-BR\/wp-json\/wp\/v2\/types\/page"}],"author":[{"embeddable":true,"href":"https:\/\/www.archetti.com.br\/pt-BR\/wp-json\/wp\/v2\/users\/1"}],"replies":[{"embeddable":true,"href":"https:\/\/www.archetti.com.br\/pt-BR\/wp-json\/wp\/v2\/comments?post=778"}],"version-history":[{"count":43,"href":"https:\/\/www.archetti.com.br\/pt-BR\/wp-json\/wp\/v2\/pages\/778\/revisions"}],"predecessor-version":[{"id":2091,"href":"https:\/\/www.archetti.com.br\/pt-BR\/wp-json\/wp\/v2\/pages\/778\/revisions\/2091"}],"wp:attachment":[{"href":"https:\/\/www.archetti.com.br\/pt-BR\/wp-json\/wp\/v2\/media?parent=778"}],"curies":[{"name":"wp","href":"https:\/\/api.w.org\/{rel}","templated":true}]}}