{"id":2434,"date":"2025-03-16T15:29:32","date_gmt":"2025-03-16T18:29:32","guid":{"rendered":"https:\/\/www.archetti.com.br\/pt-BR\/?page_id=2434"},"modified":"2025-03-16T15:31:49","modified_gmt":"2025-03-16T18:31:49","slug":"cirurgia-plastica-da-gengiva","status":"publish","type":"page","link":"https:\/\/www.archetti.com.br\/pt-BR\/cirurgia-plastica-da-gengiva\/","title":{"rendered":"Cirurgia pl\u00e1stica da Gengiva"},"content":{"rendered":"\t\t<div data-elementor-type=\"wp-page\" data-elementor-id=\"2434\" class=\"elementor elementor-2434\">\n\t\t\t\t<div class=\"elementor-element elementor-element-e2db727 e-flex e-con-boxed e-con e-parent\" data-id=\"e2db727\" data-element_type=\"container\" data-e-type=\"container\" data-settings=\"{&quot;background_background&quot;:&quot;classic&quot;}\">\n\t\t\t\t\t<div class=\"e-con-inner\">\n\t\t<div class=\"elementor-element elementor-element-99cadae e-con-full e-flex e-con e-child\" data-id=\"99cadae\" data-element_type=\"container\" data-e-type=\"container\">\n\t\t<div class=\"elementor-element elementor-element-3f6bff5 e-con-full e-flex e-con e-child\" data-id=\"3f6bff5\" data-element_type=\"container\" data-e-type=\"container\">\n\t\t\t\t<div class=\"elementor-element elementor-element-022e530 elementor-widget elementor-widget-heading\" data-id=\"022e530\" data-element_type=\"widget\" data-e-type=\"widget\" data-widget_type=\"heading.default\">\n\t\t\t\t<div class=\"elementor-widget-container\">\n\t\t\t\t\t<h3 class=\"elementor-heading-title elementor-size-default\">Cirurgia pl\u00e1stica da <span style=\"color: #E23D4D\">Gengiva<\/span><\/h3>\t\t\t\t<\/div>\n\t\t\t\t<\/div>\n\t\t\t\t<div class=\"elementor-element elementor-element-442e2bf elementor-widget elementor-widget-text-editor\" data-id=\"442e2bf\" data-element_type=\"widget\" data-e-type=\"widget\" data-widget_type=\"text-editor.default\">\n\t\t\t\t<div class=\"elementor-widget-container\">\n\t\t\t\t\t\t\t\t\t<p>O objetivo do procedimento \u00e9 aumentar a exposi\u00e7\u00e3o dos dentes, melhorar o sorriso e corrigir a est\u00e9tica gengival. Ele \u00e9 realizado com a t\u00e9cnica Flapless, minimamente invasiva, sem suturas.<\/p>\t\t\t\t\t\t\t\t<\/div>\n\t\t\t\t<\/div>\n\t\t\t\t<\/div>\n\t\t<div class=\"elementor-element elementor-element-1bd926e e-con-full elementor-hidden-mobile e-flex e-con e-child\" data-id=\"1bd926e\" data-element_type=\"container\" data-e-type=\"container\">\n\t\t\t\t<div class=\"elementor-element elementor-element-f5d6565 elementor-widget elementor-widget-image\" data-id=\"f5d6565\" data-element_type=\"widget\" data-e-type=\"widget\" data-widget_type=\"image.default\">\n\t\t\t\t<div class=\"elementor-widget-container\">\n\t\t\t\t\t\t\t\t\t\t\t\t\t\t\t<img decoding=\"async\" src=\"https:\/\/www.archetti.com.br\/pt-BR\/wp-content\/uploads\/2024\/04\/adventure3-home-sep1.svg\" title=\"\" alt=\"\" loading=\"lazy\" \/>\t\t\t\t\t\t\t\t\t\t\t\t\t\t\t<\/div>\n\t\t\t\t<\/div>\n\t\t\t\t<\/div>\n\t\t\t\t<\/div>\n\t\t<div class=\"elementor-element elementor-element-068158f e-con-full e-flex e-con e-child\" data-id=\"068158f\" data-element_type=\"container\" data-e-type=\"container\">\n\t\t\t\t<div class=\"elementor-element elementor-element-bacd5ec elementor-widget elementor-widget-video\" data-id=\"bacd5ec\" data-element_type=\"widget\" data-e-type=\"widget\" data-settings=\"{&quot;youtube_url&quot;:&quot;https:\\\/\\\/www.youtube.com\\\/watch?v=0hFUJYutIlQ&quot;,&quot;video_type&quot;:&quot;youtube&quot;,&quot;controls&quot;:&quot;yes&quot;}\" data-widget_type=\"video.default\">\n\t\t\t\t<div class=\"elementor-widget-container\">\n\t\t\t\t\t\t\t<div class=\"elementor-wrapper elementor-open-inline\">\n\t\t\t<div class=\"elementor-video\"><\/div>\t\t<\/div>\n\t\t\t\t\t\t<\/div>\n\t\t\t\t<\/div>\n\t\t\t\t<\/div>\n\t\t\t\t\t<\/div>\n\t\t\t\t<\/div>\n\t\t<div class=\"elementor-element elementor-element-aa03e28 e-flex e-con-boxed e-con e-parent\" data-id=\"aa03e28\" data-element_type=\"container\" data-e-type=\"container\" data-settings=\"{&quot;background_background&quot;:&quot;classic&quot;}\">\n\t\t\t\t\t<div class=\"e-con-inner\">\n\t\t<div class=\"elementor-element elementor-element-5d0b555 e-con-full e-flex e-con e-child\" data-id=\"5d0b555\" data-element_type=\"container\" data-e-type=\"container\">\n\t\t\t\t<div class=\"elementor-element elementor-element-843beac elementor-widget__width-initial elementor-widget elementor-widget-image-box\" data-id=\"843beac\" data-element_type=\"widget\" data-e-type=\"widget\" data-widget_type=\"image-box.default\">\n\t\t\t\t<div class=\"elementor-widget-container\">\n\t\t\t\t\t<div class=\"elementor-image-box-wrapper\"><div class=\"elementor-image-box-content\"><p class=\"elementor-image-box-description\"><b>Indica\u00e7\u00f5es:<\/b><br>\n&bull; Harmoniza\u00e7\u00e3o do sorriso e rejuvenescimento, principalmente em tratamentos est\u00e9ticos.<br>\n&bull; Exposi\u00e7\u00e3o maior da coroa dental para um sorriso mais equilibrado.<br><br>\n\n<b>Como funciona a t\u00e9cnica Flapless:<\/b><br>\n&bull; Procedimento r\u00e1pido e preciso, sem pontos, usando alta tecnologia.<br>\n&bull; Remodela a gengiva de forma segura e confort\u00e1vel.<br>\n&bull; Reduz o tempo de recupera\u00e7\u00e3o e promove resultados est\u00e9ticos imediatos.<br><br>\n\n<b>Import\u00e2ncia est\u00e9tica da pl\u00e1stica gengival:<\/b><br>\n&bull; A gengiva \u00e9 a \"moldura\" do sorriso, e um desalinhamento gengival pode causar imperfei\u00e7\u00f5es visuais.<br>\n&bull; Corrige excessos de gengiva que podem deixar o sorriso com apar\u00eancia de envelhecimento ou infantil.<br><br>\n\n<b>Vantagens:<\/b><br>\n&bull; Procedimento r\u00e1pido e sem sangramento, com recupera\u00e7\u00e3o r\u00e1pida.<br>\nEm 48 horas, a colora\u00e7\u00e3o da gengiva se normaliza, e o paciente pode retomar suas atividades normalmente.\n<\/p><\/div><\/div>\t\t\t\t<\/div>\n\t\t\t\t<\/div>\n\t\t\t\t<\/div>\n\t\t\t\t\t<\/div>\n\t\t\t\t<\/div>\n\t\t<div class=\"elementor-element elementor-element-6491182 e-flex e-con-boxed e-con e-parent\" data-id=\"6491182\" data-element_type=\"container\" data-e-type=\"container\" data-settings=\"{&quot;background_background&quot;:&quot;classic&quot;}\">\n\t\t\t\t\t<div class=\"e-con-inner\">\n\t\t<div class=\"elementor-element elementor-element-551e88e e-con-full e-flex e-con e-child\" data-id=\"551e88e\" data-element_type=\"container\" data-e-type=\"container\">\n\t\t\t\t<div class=\"elementor-element elementor-element-e2b263d elementor-widget elementor-widget-heading\" data-id=\"e2b263d\" data-element_type=\"widget\" data-e-type=\"widget\" data-widget_type=\"heading.default\">\n\t\t\t\t<div class=\"elementor-widget-container\">\n\t\t\t\t\t<h2 class=\"elementor-heading-title elementor-size-default\">N\u00c3O ESPERE UMA VIDA! PRIORIZE VOC\u00ca.<span style=\"color: #E23D4D\">D\u00ca O SEU MELHOR SORRISO<\/span><\/h2>\t\t\t\t<\/div>\n\t\t\t\t<\/div>\n\t\t\t\t<div class=\"elementor-element elementor-element-30d5931 elementor-align-left elementor-widget elementor-widget-button\" data-id=\"30d5931\" data-element_type=\"widget\" data-e-type=\"widget\" data-widget_type=\"button.default\">\n\t\t\t\t<div class=\"elementor-widget-container\">\n\t\t\t\t\t\t\t\t\t<div class=\"elementor-button-wrapper\">\n\t\t\t\t\t<a class=\"elementor-button elementor-button-link elementor-size-sm\" href=\"https:\/\/www.archetti.com.br\/pt-BR\/jornada\/\">\n\t\t\t\t\t\t<span class=\"elementor-button-content-wrapper\">\n\t\t\t\t\t\t\t\t\t<span class=\"elementor-button-text\">JORNADA NOVO SORRISO<\/span>\n\t\t\t\t\t<\/span>\n\t\t\t\t\t<\/a>\n\t\t\t\t<\/div>\n\t\t\t\t\t\t\t\t<\/div>\n\t\t\t\t<\/div>\n\t\t\t\t<\/div>\n\t\t<div class=\"elementor-element elementor-element-e26e45a e-con-full e-flex e-con e-child\" data-id=\"e26e45a\" data-element_type=\"container\" data-e-type=\"container\" data-settings=\"{&quot;background_background&quot;:&quot;classic&quot;}\">\n\t\t\t\t<div class=\"elementor-element elementor-element-97e0038 elementor-widget elementor-widget-image\" data-id=\"97e0038\" data-element_type=\"widget\" data-e-type=\"widget\" data-widget_type=\"image.default\">\n\t\t\t\t<div class=\"elementor-widget-container\">\n\t\t\t\t\t\t\t\t\t\t\t\t\t\t\t<img fetchpriority=\"high\" decoding=\"async\" width=\"576\" height=\"497\" src=\"https:\/\/www.archetti.com.br\/pt-BR\/wp-content\/uploads\/2025\/03\/mosaico1.png\" class=\"attachment-large size-large wp-image-1997\" alt=\"\" srcset=\"https:\/\/www.archetti.com.br\/pt-BR\/wp-content\/uploads\/2025\/03\/mosaico1.png 576w, https:\/\/www.archetti.com.br\/pt-BR\/wp-content\/uploads\/2025\/03\/mosaico1-500x431.png 500w, https:\/\/www.archetti.com.br\/pt-BR\/wp-content\/uploads\/2025\/03\/mosaico1-300x259.png 300w, https:\/\/www.archetti.com.br\/pt-BR\/wp-content\/uploads\/2025\/03\/mosaico1-87x75.png 87w\" sizes=\"(max-width:767px) 576px, 576px\" \/>\t\t\t\t\t\t\t\t\t\t\t\t\t\t\t<\/div>\n\t\t\t\t<\/div>\n\t\t\t\t<\/div>\n\t\t\t\t\t<\/div>\n\t\t\t\t<\/div>\n\t\t\t\t<\/div>\n\t\t","protected":false},"excerpt":{"rendered":"<p>Cirurgia pl\u00e1stica da Gengiva O objetivo do procedimento \u00e9 aumentar a exposi\u00e7\u00e3o dos dentes, melhorar o sorriso e corrigir a est\u00e9tica gengival. Ele \u00e9 realizado com<span class=\"excerpt-hellip\"> [\u2026]<\/span><\/p>\n","protected":false},"author":2,"featured_media":0,"parent":0,"menu_order":0,"comment_status":"open","ping_status":"closed","template":"","meta":{"_joinchat":[],"footnotes":""},"class_list":["post-2434","page","type-page","status-publish","hentry"],"_links":{"self":[{"href":"https:\/\/www.archetti.com.br\/pt-BR\/wp-json\/wp\/v2\/pages\/2434","targetHints":{"allow":["GET"]}}],"collection":[{"href":"https:\/\/www.archetti.com.br\/pt-BR\/wp-json\/wp\/v2\/pages"}],"about":[{"href":"https:\/\/www.archetti.com.br\/pt-BR\/wp-json\/wp\/v2\/types\/page"}],"author":[{"embeddable":true,"href":"https:\/\/www.archetti.com.br\/pt-BR\/wp-json\/wp\/v2\/users\/2"}],"replies":[{"embeddable":true,"href":"https:\/\/www.archetti.com.br\/pt-BR\/wp-json\/wp\/v2\/comments?post=2434"}],"version-history":[{"count":4,"href":"https:\/\/www.archetti.com.br\/pt-BR\/wp-json\/wp\/v2\/pages\/2434\/revisions"}],"predecessor-version":[{"id":2438,"href":"https:\/\/www.archetti.com.br\/pt-BR\/wp-json\/wp\/v2\/pages\/2434\/revisions\/2438"}],"wp:attachment":[{"href":"https:\/\/www.archetti.com.br\/pt-BR\/wp-json\/wp\/v2\/media?parent=2434"}],"curies":[{"name":"wp","href":"https:\/\/api.w.org\/{rel}","templated":true}]}}