{"id":2224,"date":"2025-03-14T13:14:50","date_gmt":"2025-03-14T16:14:50","guid":{"rendered":"https:\/\/www.archetti.com.br\/pt-BR\/?page_id=2224"},"modified":"2025-03-31T11:10:49","modified_gmt":"2025-03-31T14:10:49","slug":"nossa-espaco","status":"publish","type":"page","link":"https:\/\/www.archetti.com.br\/pt-BR\/nossa-espaco\/","title":{"rendered":"Nosso Espa\u00e7o"},"content":{"rendered":"\t\t<div data-elementor-type=\"wp-page\" data-elementor-id=\"2224\" class=\"elementor elementor-2224\">\n\t\t\t\t<div class=\"elementor-element elementor-element-239d71d e-flex e-con-boxed e-con e-parent\" data-id=\"239d71d\" data-element_type=\"container\" data-e-type=\"container\" data-settings=\"{&quot;background_background&quot;:&quot;classic&quot;}\">\n\t\t\t\t\t<div class=\"e-con-inner\">\n\t\t<div class=\"elementor-element elementor-element-4cde3f3 e-con-full e-flex e-con e-child\" data-id=\"4cde3f3\" data-element_type=\"container\" data-e-type=\"container\">\n\t\t\t\t<div class=\"elementor-element elementor-element-ae4d6b8 elementor-widget elementor-widget-heading\" data-id=\"ae4d6b8\" data-element_type=\"widget\" data-e-type=\"widget\" data-widget_type=\"heading.default\">\n\t\t\t\t<div class=\"elementor-widget-container\">\n\t\t\t\t\t<h2 class=\"elementor-heading-title elementor-size-default\"><span style=\"color: #e23d4d\">Nosso Espa\u00e7o<\/span><\/h2>\t\t\t\t<\/div>\n\t\t\t\t<\/div>\n\t\t\t\t<\/div>\n\t\t\t\t\t<\/div>\n\t\t\t\t<\/div>\n\t\t<div class=\"elementor-element elementor-element-e2db727 e-flex e-con-boxed e-con e-parent\" data-id=\"e2db727\" data-element_type=\"container\" data-e-type=\"container\" data-settings=\"{&quot;background_background&quot;:&quot;classic&quot;}\">\n\t\t\t\t\t<div class=\"e-con-inner\">\n\t\t<div class=\"elementor-element elementor-element-99cadae e-con-full e-flex e-con e-child\" data-id=\"99cadae\" data-element_type=\"container\" data-e-type=\"container\">\n\t\t\t\t<div class=\"elementor-element elementor-element-4d8fdfe elementor-widget__width-initial elementor-widget elementor-widget-image-box\" data-id=\"4d8fdfe\" data-element_type=\"widget\" data-e-type=\"widget\" data-widget_type=\"image-box.default\">\n\t\t\t\t<div class=\"elementor-widget-container\">\n\t\t\t\t\t<div class=\"elementor-image-box-wrapper\"><div class=\"elementor-image-box-content\"><p class=\"elementor-image-box-description\">A Archetti Odontologia oferece um ambiente amplo, confort\u00e1vel e acolhedor, projetado para reduzir a ansiedade e proporcionar bem-estar. Com recep\u00e7\u00e3o moderna, Wi-Fi, salas de atendimento ergon\u00f4micas, em cada detalhe uma experi\u00eancia agrad\u00e1vel e relaxante para todas as idades. Descubra um atendimento odontol\u00f3gico diferenciado em um ambiente familiar.<br><br>\n\n&bull; <b>Comodidades:<\/b> Servi\u00e7os de copa e caf\u00e9 para uma espera agrad\u00e1vel.<br>\n&bull; <b>Atendimento humanizado:<\/b> Nossa equipe prima pelo ambiente familiar.<br>\n&bull; <b>Redu\u00e7\u00e3o da ansiedade:<\/b> Aten\u00e7\u00e3o e cuidado em cada detalhe.<br><\/p><\/div><\/div>\t\t\t\t<\/div>\n\t\t\t\t<\/div>\n\t\t\t\t<\/div>\n\t\t\t\t\t<\/div>\n\t\t\t\t<\/div>\n\t\t<div class=\"elementor-element elementor-element-53b0d28 e-flex e-con-boxed e-con e-parent\" data-id=\"53b0d28\" data-element_type=\"container\" data-e-type=\"container\" data-settings=\"{&quot;background_background&quot;:&quot;classic&quot;}\">\n\t\t\t\t\t<div class=\"e-con-inner\">\n\t\t<div class=\"elementor-element elementor-element-9bd07f5 e-con-full e-flex e-con e-child\" data-id=\"9bd07f5\" data-element_type=\"container\" data-e-type=\"container\">\n\t\t<a class=\"elementor-element elementor-element-fc7b3c7 e-con-full e-flex e-con e-child\" data-id=\"fc7b3c7\" data-element_type=\"container\" data-e-type=\"container\" data-settings=\"{&quot;background_background&quot;:&quot;classic&quot;}\">\n\t\t\t\t<\/a>\n\t\t<a class=\"elementor-element elementor-element-a233adc e-con-full e-flex e-con e-child\" data-id=\"a233adc\" data-element_type=\"container\" data-e-type=\"container\" data-settings=\"{&quot;background_background&quot;:&quot;classic&quot;}\">\n\t\t\t\t<\/a>\n\t\t<a class=\"elementor-element elementor-element-8ef3fc0 e-con-full e-flex e-con e-child\" data-id=\"8ef3fc0\" data-element_type=\"container\" data-e-type=\"container\" data-settings=\"{&quot;background_background&quot;:&quot;classic&quot;}\">\n\t\t\t\t<\/a>\n\t\t\t\t<\/div>\n\t\t<div class=\"elementor-element elementor-element-ab0bc4a e-flex e-con-boxed e-con e-child\" data-id=\"ab0bc4a\" data-element_type=\"container\" data-e-type=\"container\">\n\t\t\t\t\t<div class=\"e-con-inner\">\n\t\t<a class=\"elementor-element elementor-element-48133bf e-con-full e-flex e-con e-child\" data-id=\"48133bf\" data-element_type=\"container\" data-e-type=\"container\" data-settings=\"{&quot;background_background&quot;:&quot;classic&quot;}\">\n\t\t\t\t<\/a>\n\t\t<a class=\"elementor-element elementor-element-efabd27 e-con-full e-flex e-con e-child\" data-id=\"efabd27\" data-element_type=\"container\" data-e-type=\"container\" data-settings=\"{&quot;background_background&quot;:&quot;classic&quot;}\">\n\t\t\t\t<\/a>\n\t\t<a class=\"elementor-element elementor-element-f436c7a e-con-full e-flex e-con e-child\" data-id=\"f436c7a\" data-element_type=\"container\" data-e-type=\"container\" data-settings=\"{&quot;background_background&quot;:&quot;classic&quot;}\">\n\t\t\t\t<\/a>\n\t\t\t\t\t<\/div>\n\t\t\t\t<\/div>\n\t\t<div class=\"elementor-element elementor-element-761e433 e-con-full e-flex e-con e-child\" data-id=\"761e433\" data-element_type=\"container\" data-e-type=\"container\">\n\t\t<a class=\"elementor-element elementor-element-02d4168 e-con-full e-flex e-con e-child\" data-id=\"02d4168\" data-element_type=\"container\" data-e-type=\"container\" data-settings=\"{&quot;background_background&quot;:&quot;classic&quot;}\">\n\t\t\t\t<\/a>\n\t\t<a class=\"elementor-element elementor-element-aa4ae3b e-con-full e-flex e-con e-child\" data-id=\"aa4ae3b\" data-element_type=\"container\" data-e-type=\"container\" data-settings=\"{&quot;background_background&quot;:&quot;classic&quot;}\">\n\t\t\t\t<\/a>\n\t\t<a class=\"elementor-element elementor-element-a6d3dfb e-con-full e-flex e-con e-child\" data-id=\"a6d3dfb\" data-element_type=\"container\" data-e-type=\"container\" data-settings=\"{&quot;background_background&quot;:&quot;classic&quot;}\">\n\t\t\t\t<\/a>\n\t\t\t\t<\/div>\n\t\t\t\t\t<\/div>\n\t\t\t\t<\/div>\n\t\t<div class=\"elementor-element elementor-element-a8eca99 e-flex e-con-boxed e-con e-parent\" data-id=\"a8eca99\" data-element_type=\"container\" data-e-type=\"container\" data-settings=\"{&quot;background_background&quot;:&quot;classic&quot;}\">\n\t\t\t\t\t<div class=\"e-con-inner\">\n\t\t<div class=\"elementor-element elementor-element-bfc4369 e-con-full e-flex e-con e-child\" data-id=\"bfc4369\" data-element_type=\"container\" data-e-type=\"container\">\n\t\t<div class=\"elementor-element elementor-element-400c8ea e-con-full e-flex e-con e-child\" data-id=\"400c8ea\" data-element_type=\"container\" data-e-type=\"container\">\n\t\t\t\t<div class=\"elementor-element elementor-element-5532055 elementor-widget elementor-widget-heading\" data-id=\"5532055\" data-element_type=\"widget\" data-e-type=\"widget\" data-widget_type=\"heading.default\">\n\t\t\t\t<div class=\"elementor-widget-container\">\n\t\t\t\t\t<h3 class=\"elementor-heading-title elementor-size-default\">VOC\u00ca TER\u00c1 UMA EXPERI\u00caNCIA \u00daNICA SEGURA.<span style=\"color: #E23D4D\">CUIDAREMOS DE VOC\u00ca CONECTANDO CADA ESPECIALIDADE.<\/span><\/h3>\t\t\t\t<\/div>\n\t\t\t\t<\/div>\n\t\t\t\t<\/div>\n\t\t<div class=\"elementor-element elementor-element-bc9f44c e-con-full elementor-hidden-mobile e-flex e-con e-child\" data-id=\"bc9f44c\" data-element_type=\"container\" data-e-type=\"container\">\n\t\t\t\t<div class=\"elementor-element elementor-element-2be42a3 elementor-widget elementor-widget-image\" data-id=\"2be42a3\" data-element_type=\"widget\" data-e-type=\"widget\" data-widget_type=\"image.default\">\n\t\t\t\t<div class=\"elementor-widget-container\">\n\t\t\t\t\t\t\t\t\t\t\t\t\t\t\t<img decoding=\"async\" src=\"https:\/\/www.archetti.com.br\/pt-BR\/wp-content\/uploads\/2024\/04\/adventure3-home-sep1.svg\" title=\"\" alt=\"\" loading=\"lazy\" \/>\t\t\t\t\t\t\t\t\t\t\t\t\t\t\t<\/div>\n\t\t\t\t<\/div>\n\t\t\t\t<\/div>\n\t\t\t\t<\/div>\n\t\t<div class=\"elementor-element elementor-element-15c3a90 e-con-full e-flex e-con e-child\" data-id=\"15c3a90\" data-element_type=\"container\" data-e-type=\"container\">\n\t\t\t\t<div class=\"elementor-element elementor-element-ebba9fa elementor-widget elementor-widget-google_maps\" data-id=\"ebba9fa\" data-element_type=\"widget\" data-e-type=\"widget\" data-widget_type=\"google_maps.default\">\n\t\t\t\t<div class=\"elementor-widget-container\">\n\t\t\t\t\t\t\t<div class=\"elementor-custom-embed\">\n\t\t\t<iframe loading=\"lazy\"\n\t\t\t\t\tsrc=\"https:\/\/maps.google.com\/maps?q=Av.%20Brasil%2C%20325%20-%20Centro%2C%20Pato%20Branco%20-%20PR&#038;t=m&#038;z=5&#038;output=embed&#038;iwloc=near\"\n\t\t\t\t\ttitle=\"Av. Brasil, 325 - Centro, Pato Branco - PR\"\n\t\t\t\t\taria-label=\"Av. Brasil, 325 - Centro, Pato Branco - PR\"\n\t\t\t><\/iframe>\n\t\t<\/div>\n\t\t\t\t\t\t<\/div>\n\t\t\t\t<\/div>\n\t\t\t\t<\/div>\n\t\t\t\t\t<\/div>\n\t\t\t\t<\/div>\n\t\t<div class=\"elementor-element elementor-element-6491182 e-flex e-con-boxed e-con e-parent\" data-id=\"6491182\" data-element_type=\"container\" data-e-type=\"container\" data-settings=\"{&quot;background_background&quot;:&quot;classic&quot;}\">\n\t\t\t\t\t<div class=\"e-con-inner\">\n\t\t<div class=\"elementor-element elementor-element-551e88e e-con-full e-flex e-con e-child\" data-id=\"551e88e\" data-element_type=\"container\" data-e-type=\"container\">\n\t\t\t\t<div class=\"elementor-element elementor-element-e2b263d elementor-widget elementor-widget-heading\" data-id=\"e2b263d\" data-element_type=\"widget\" data-e-type=\"widget\" data-widget_type=\"heading.default\">\n\t\t\t\t<div class=\"elementor-widget-container\">\n\t\t\t\t\t<h2 class=\"elementor-heading-title elementor-size-default\">N\u00c3O ESPERE UMA VIDA! PRIORIZE VOC\u00ca.<span style=\"color: #E23D4D\">D\u00ca O SEU MELHOR SORRISO<\/span><\/h2>\t\t\t\t<\/div>\n\t\t\t\t<\/div>\n\t\t\t\t<div class=\"elementor-element elementor-element-30d5931 elementor-align-left elementor-widget elementor-widget-button\" data-id=\"30d5931\" data-element_type=\"widget\" data-e-type=\"widget\" data-widget_type=\"button.default\">\n\t\t\t\t<div class=\"elementor-widget-container\">\n\t\t\t\t\t\t\t\t\t<div class=\"elementor-button-wrapper\">\n\t\t\t\t\t<a class=\"elementor-button elementor-button-link elementor-size-sm\" href=\"https:\/\/www.archetti.com.br\/pt-BR\/jornada\/\">\n\t\t\t\t\t\t<span class=\"elementor-button-content-wrapper\">\n\t\t\t\t\t\t\t\t\t<span class=\"elementor-button-text\">JORNADA NOVO SORRISO<\/span>\n\t\t\t\t\t<\/span>\n\t\t\t\t\t<\/a>\n\t\t\t\t<\/div>\n\t\t\t\t\t\t\t\t<\/div>\n\t\t\t\t<\/div>\n\t\t\t\t<\/div>\n\t\t<div class=\"elementor-element elementor-element-e26e45a e-con-full e-flex e-con e-child\" data-id=\"e26e45a\" data-element_type=\"container\" data-e-type=\"container\" data-settings=\"{&quot;background_background&quot;:&quot;classic&quot;}\">\n\t\t\t\t<div class=\"elementor-element elementor-element-97e0038 elementor-widget elementor-widget-image\" data-id=\"97e0038\" data-element_type=\"widget\" data-e-type=\"widget\" data-widget_type=\"image.default\">\n\t\t\t\t<div class=\"elementor-widget-container\">\n\t\t\t\t\t\t\t\t\t\t\t\t\t\t\t<img fetchpriority=\"high\" decoding=\"async\" width=\"576\" height=\"497\" src=\"https:\/\/www.archetti.com.br\/pt-BR\/wp-content\/uploads\/2025\/03\/mosaico1.png\" class=\"attachment-large size-large wp-image-1997\" alt=\"\" srcset=\"https:\/\/www.archetti.com.br\/pt-BR\/wp-content\/uploads\/2025\/03\/mosaico1.png 576w, https:\/\/www.archetti.com.br\/pt-BR\/wp-content\/uploads\/2025\/03\/mosaico1-500x431.png 500w, https:\/\/www.archetti.com.br\/pt-BR\/wp-content\/uploads\/2025\/03\/mosaico1-300x259.png 300w, https:\/\/www.archetti.com.br\/pt-BR\/wp-content\/uploads\/2025\/03\/mosaico1-87x75.png 87w\" sizes=\"(max-width:767px) 576px, 576px\" \/>\t\t\t\t\t\t\t\t\t\t\t\t\t\t\t<\/div>\n\t\t\t\t<\/div>\n\t\t\t\t<\/div>\n\t\t\t\t\t<\/div>\n\t\t\t\t<\/div>\n\t\t\t\t<\/div>\n\t\t","protected":false},"excerpt":{"rendered":"<p>Nosso Espa\u00e7o A Archetti Odontologia oferece um ambiente amplo, confort\u00e1vel e acolhedor, projetado para reduzir a ansiedade e proporcionar bem-estar. Com recep\u00e7\u00e3o moderna, Wi-Fi, salas de<span class=\"excerpt-hellip\"> [\u2026]<\/span><\/p>\n","protected":false},"author":2,"featured_media":0,"parent":0,"menu_order":0,"comment_status":"open","ping_status":"closed","template":"","meta":{"_joinchat":[],"footnotes":""},"class_list":["post-2224","page","type-page","status-publish","hentry"],"_links":{"self":[{"href":"https:\/\/www.archetti.com.br\/pt-BR\/wp-json\/wp\/v2\/pages\/2224","targetHints":{"allow":["GET"]}}],"collection":[{"href":"https:\/\/www.archetti.com.br\/pt-BR\/wp-json\/wp\/v2\/pages"}],"about":[{"href":"https:\/\/www.archetti.com.br\/pt-BR\/wp-json\/wp\/v2\/types\/page"}],"author":[{"embeddable":true,"href":"https:\/\/www.archetti.com.br\/pt-BR\/wp-json\/wp\/v2\/users\/2"}],"replies":[{"embeddable":true,"href":"https:\/\/www.archetti.com.br\/pt-BR\/wp-json\/wp\/v2\/comments?post=2224"}],"version-history":[{"count":25,"href":"https:\/\/www.archetti.com.br\/pt-BR\/wp-json\/wp\/v2\/pages\/2224\/revisions"}],"predecessor-version":[{"id":2724,"href":"https:\/\/www.archetti.com.br\/pt-BR\/wp-json\/wp\/v2\/pages\/2224\/revisions\/2724"}],"wp:attachment":[{"href":"https:\/\/www.archetti.com.br\/pt-BR\/wp-json\/wp\/v2\/media?parent=2224"}],"curies":[{"name":"wp","href":"https:\/\/api.w.org\/{rel}","templated":true}]}}